{"id":3923,"date":"2025-10-17T08:19:50","date_gmt":"2025-10-17T08:19:50","guid":{"rendered":"https:\/\/gastrobar.rs\/?page_id=3923"},"modified":"2026-03-17T17:58:03","modified_gmt":"2026-03-17T17:58:03","slug":"blog","status":"publish","type":"page","link":"https:\/\/gastrobar.rs\/en\/blog\/","title":{"rendered":"Blog"},"content":{"rendered":"<div data-elementor-type=\"wp-page\" data-elementor-id=\"3923\" class=\"elementor elementor-3923\">\n\t\t\t\t\t\t<section class=\"elementor-section elementor-top-section elementor-element elementor-element-1d783d1 elementor-section-height-min-height elementor-section-stretched elementor-section-boxed elementor-section-height-default elementor-section-items-middle\" data-id=\"1d783d1\" data-element_type=\"section\" data-e-type=\"section\" data-settings=\"{&quot;stretch_section&quot;:&quot;section-stretched&quot;,&quot;background_background&quot;:&quot;classic&quot;,&quot;grandrestaurant_ext_is_background_parallax&quot;:&quot;true&quot;,&quot;shape_divider_bottom&quot;:&quot;split&quot;,&quot;grandrestaurant_ext_is_background_parallax_speed&quot;:{&quot;unit&quot;:&quot;px&quot;,&quot;size&quot;:0.8,&quot;sizes&quot;:[]},&quot;grandrestaurant_ext_is_background_backdrop&quot;:&quot;false&quot;,&quot;grandrestaurant_ext_is_background_on_scroll&quot;:&quot;false&quot;}\">\n\t\t\t\t\t\t\t<div class=\"elementor-background-overlay\"><\/div>\n\t\t\t\t\t\t<div class=\"elementor-shape elementor-shape-bottom\" aria-hidden=\"true\" data-negative=\"false\">\n\t\t\t<svg xmlns=\"http:\/\/www.w3.org\/2000\/svg\" viewbox=\"0 0 1000 20\" preserveaspectratio=\"none\">\n\t<path class=\"elementor-shape-fill\" d=\"M0,0v3c0,0,393.8,0,483.4,0c9.2,0,16.6,7.4,16.6,16.6c0-9.1,7.4-16.6,16.6-16.6C606.2,3,1000,3,1000,3V0H0z\"\/>\n<\/svg>\t\t<\/div>\n\t\t\t\t\t<div class=\"elementor-container elementor-column-gap-default\">\n\t\t\t\t\t<div class=\"elementor-column elementor-col-100 elementor-top-column elementor-element elementor-element-e3f1350\" data-id=\"e3f1350\" data-element_type=\"column\" data-e-type=\"column\" data-settings=\"{&quot;grandrestaurant_ext_link_reservation&quot;:&quot;false&quot;,&quot;grandrestaurant_ext_link_sidemenu&quot;:&quot;false&quot;,&quot;grandrestaurant_ext_link_fullmenu&quot;:&quot;false&quot;,&quot;grandrestaurant_ext_link_closed_fullmenu&quot;:&quot;false&quot;,&quot;grandrestaurant_ext_is_scrollme&quot;:&quot;false&quot;,&quot;grandrestaurant_ext_is_smoove&quot;:&quot;false&quot;,&quot;grandrestaurant_ext_is_parallax_mouse&quot;:&quot;false&quot;,&quot;grandrestaurant_ext_is_infinite&quot;:&quot;false&quot;,&quot;grandrestaurant_ext_is_fadeout_animation&quot;:&quot;false&quot;,&quot;grandrestaurant_ext_mobile_static&quot;:&quot;false&quot;}\">\n\t\t\t<div class=\"elementor-widget-wrap elementor-element-populated\">\n\t\t\t\t\t\t<div class=\"elementor-element elementor-element-62e2907 elementor-invisible elementor-widget elementor-widget-heading\" data-id=\"62e2907\" data-element_type=\"widget\" data-e-type=\"widget\" data-settings=\"{&quot;_animation&quot;:&quot;fadeInUp&quot;,&quot;grandrestaurant_ext_link_reservation&quot;:&quot;false&quot;,&quot;grandrestaurant_ext_link_sidemenu&quot;:&quot;false&quot;,&quot;grandrestaurant_ext_link_fullmenu&quot;:&quot;false&quot;,&quot;grandrestaurant_ext_link_closed_fullmenu&quot;:&quot;false&quot;,&quot;grandrestaurant_ext_is_scrollme&quot;:&quot;false&quot;,&quot;grandrestaurant_ext_is_smoove&quot;:&quot;false&quot;,&quot;grandrestaurant_ext_is_parallax_mouse&quot;:&quot;false&quot;,&quot;grandrestaurant_ext_is_infinite&quot;:&quot;false&quot;,&quot;grandrestaurant_ext_is_fadeout_animation&quot;:&quot;false&quot;,&quot;grandrestaurant_ext_mobile_static&quot;:&quot;false&quot;}\" data-widget_type=\"heading.default\">\n\t\t\t\t\t<h2 class=\"elementor-heading-title elementor-size-default\">Our <\/h2>\t\t\t\t<\/div>\n\t\t\t\t<div class=\"elementor-element elementor-element-ad090d8 elementor-invisible elementor-widget elementor-widget-heading\" data-id=\"ad090d8\" data-element_type=\"widget\" data-e-type=\"widget\" data-settings=\"{&quot;_animation&quot;:&quot;fadeInUp&quot;,&quot;grandrestaurant_ext_link_reservation&quot;:&quot;false&quot;,&quot;grandrestaurant_ext_link_sidemenu&quot;:&quot;false&quot;,&quot;grandrestaurant_ext_link_fullmenu&quot;:&quot;false&quot;,&quot;grandrestaurant_ext_link_closed_fullmenu&quot;:&quot;false&quot;,&quot;grandrestaurant_ext_is_scrollme&quot;:&quot;false&quot;,&quot;grandrestaurant_ext_is_smoove&quot;:&quot;false&quot;,&quot;grandrestaurant_ext_is_parallax_mouse&quot;:&quot;false&quot;,&quot;grandrestaurant_ext_is_infinite&quot;:&quot;false&quot;,&quot;grandrestaurant_ext_is_fadeout_animation&quot;:&quot;false&quot;,&quot;grandrestaurant_ext_mobile_static&quot;:&quot;false&quot;}\" data-widget_type=\"heading.default\">\n\t\t\t\t\t<h2 class=\"elementor-heading-title elementor-size-default\">gastro world<\/h2>\t\t\t\t<\/div>\n\t\t\t\t\t<\/div>\n\t\t<\/div>\n\t\t\t\t\t<\/div>\n\t\t<\/section>\n\t\t<div class=\"elementor-element elementor-element-7525299 e-flex e-con-boxed e-con e-parent\" data-id=\"7525299\" data-element_type=\"container\" data-e-type=\"container\" data-settings=\"{&quot;grandrestaurant_ext_is_background_parallax&quot;:&quot;false&quot;,&quot;grandrestaurant_ext_is_background_backdrop&quot;:&quot;false&quot;,&quot;grandrestaurant_ext_is_background_on_scroll&quot;:&quot;false&quot;,&quot;grandrestaurant_ext_link_reservation&quot;:&quot;false&quot;,&quot;grandrestaurant_ext_link_sidemenu&quot;:&quot;false&quot;,&quot;grandrestaurant_ext_link_fullmenu&quot;:&quot;false&quot;,&quot;grandrestaurant_ext_link_closed_fullmenu&quot;:&quot;false&quot;,&quot;grandrestaurant_ext_is_scrollme&quot;:&quot;false&quot;,&quot;grandrestaurant_ext_is_smoove&quot;:&quot;false&quot;,&quot;grandrestaurant_ext_is_parallax_mouse&quot;:&quot;false&quot;,&quot;grandrestaurant_ext_is_infinite&quot;:&quot;false&quot;,&quot;grandrestaurant_ext_is_fadeout_animation&quot;:&quot;false&quot;,&quot;grandrestaurant_ext_mobile_static&quot;:&quot;false&quot;}\">\n\t\t\t\t\t<div class=\"e-con-inner\">\n\t\t\t\t<div class=\"elementor-element elementor-element-80f5579 elementor-widget elementor-widget-grandrestaurant-blog-posts\" data-id=\"80f5579\" data-element_type=\"widget\" data-e-type=\"widget\" data-settings=\"{&quot;grandrestaurant_ext_link_reservation&quot;:&quot;false&quot;,&quot;grandrestaurant_ext_link_sidemenu&quot;:&quot;false&quot;,&quot;grandrestaurant_ext_link_fullmenu&quot;:&quot;false&quot;,&quot;grandrestaurant_ext_link_closed_fullmenu&quot;:&quot;false&quot;,&quot;grandrestaurant_ext_is_scrollme&quot;:&quot;false&quot;,&quot;grandrestaurant_ext_is_smoove&quot;:&quot;false&quot;,&quot;grandrestaurant_ext_is_parallax_mouse&quot;:&quot;false&quot;,&quot;grandrestaurant_ext_is_infinite&quot;:&quot;false&quot;,&quot;grandrestaurant_ext_is_fadeout_animation&quot;:&quot;false&quot;,&quot;grandrestaurant_ext_mobile_static&quot;:&quot;false&quot;}\" data-widget_type=\"grandrestaurant-blog-posts.default\">\n\t\t\t\t<div class=\"elementor-widget-container\">\n\t\t\t\t\t<div class=\"blog-post-content-wrapper layout-grid\">\n<!-- Begin each blog post -->\n<div class=\"blog-posts-grid post-4666 post type-post status-publish format-standard has-post-thumbnail hentry category-uncategorized\">\n\t\n\t\t<div class=\"post-wrapper smoove disable_tablet\" data-delay=\"100\" data-minwidth=\"769\" data-offset=\"-30%\">\n\t\t\n\t\t\t\t    <div class=\"post-featured-image static\">\n\t\t\t    \t\t\t    <div class=\"post-featured-image-hover\">\n\t\t\t\t    \n\t\t\t\t    \t\t\t\t    \n\t\t\t     \t\t\t\t\t     <img decoding=\"async\"  src=\"https:\/\/gastrobar.rs\/wp-content\/uploads\/2025\/10\/wizard-707-960x500.webp\" class=\"disable_tablet\" alt=\"\"\/>\n\t\t\t\t     \t\t\t     \t\t\t\t     \t<a href=\"https:\/\/gastrobar.rs\/en\/najbolji-restoran-novi-banovci\/\"><\/a>\n\t\t\t    <\/div>\n\t\t    <\/div>\n\t\t\t    \n\t    <div class=\"post-content-wrapper text-\">\n\t\t    \n\t\t    <div class=\"post-header\">\n\t\t\t    <div class=\"post-header-title\">\n\t\t\t\t    <h5><a href=\"https:\/\/gastrobar.rs\/en\/najbolji-restoran-novi-banovci\/\" title=\"Najbolji restoran Novi Banovci \u2013 gde jesti i \u0161ta o\u010dekivati\">Najbolji restoran Novi Banovci \u2013 gde jesti i \u0161ta o\u010dekivati<\/a><\/h5>\n\t\t\t\t<\/div>\n\t\t\t    \n\t\t\t    \t\t\t<\/div>\n\t    \n\t\t\t<div class=\"post-header-wrapper\">\n\t\t\t\t<p>Kada neko tra\u017ei najbolji restoran u Novim Banovcima, obi\u010dno ne tra\u017ei samo mesto gde \u0107e pojesti...<\/p>\t\t\t    <div class=\"post-button-wrapper\">\n\t\t\t\t    <a class=\"continue-reading\" href=\"https:\/\/gastrobar.rs\/en\/najbolji-restoran-novi-banovci\/\" title=\"Najbolji restoran Novi Banovci \u2013 gde jesti i \u0161ta o\u010dekivati\">Continue Reading<span><\/span><\/a>\n\t\t\t    <\/div>\n\t\t\t    <br class=\"clear\"\/>\n\t\t\t<\/div>\n\t    <\/div>\n\t    \n\t<\/div>\n\n<\/div>\n<!-- End each blog post --><!-- Begin each blog post -->\n<div class=\"blog-posts-grid post-4653 post type-post status-publish format-standard has-post-thumbnail hentry category-uncategorized\">\n\t\n\t\t<div class=\"post-wrapper smoove disable_tablet\" data-delay=\"200\" data-minwidth=\"769\" data-offset=\"-30%\">\n\t\t\n\t\t\t\t    <div class=\"post-featured-image static\">\n\t\t\t    \t\t\t    <div class=\"post-featured-image-hover\">\n\t\t\t\t    \n\t\t\t\t    \t\t\t\t    \n\t\t\t     \t\t\t\t\t     <img decoding=\"async\"  src=\"https:\/\/gastrobar.rs\/wp-content\/uploads\/2025\/10\/wizard-395-960x500.webp\" class=\"disable_tablet\" alt=\"\"\/>\n\t\t\t\t     \t\t\t     \t\t\t\t     \t<a href=\"https:\/\/gastrobar.rs\/en\/restoran-novi-banovci\/\"><\/a>\n\t\t\t    <\/div>\n\t\t    <\/div>\n\t\t\t    \n\t    <div class=\"post-content-wrapper text-\">\n\t\t    \n\t\t    <div class=\"post-header\">\n\t\t\t    <div class=\"post-header-title\">\n\t\t\t\t    <h5><a href=\"https:\/\/gastrobar.rs\/en\/restoran-novi-banovci\/\" title=\"Restoran Novi Banovci \u2013 gde jesti najbolje i \u0161ta probati\">Restoran Novi Banovci \u2013 gde jesti najbolje i \u0161ta probati<\/a><\/h5>\n\t\t\t\t<\/div>\n\t\t\t    \n\t\t\t    \t\t\t<\/div>\n\t    \n\t\t\t<div class=\"post-header-wrapper\">\n\t\t\t\t<p>Ako tra\u017eite dobar restoran u Novim Banovcima, verovatno \u017eelite mesto gde \u0107ete dobiti kvalitetnu...<\/p>\t\t\t    <div class=\"post-button-wrapper\">\n\t\t\t\t    <a class=\"continue-reading\" href=\"https:\/\/gastrobar.rs\/en\/restoran-novi-banovci\/\" title=\"Restoran Novi Banovci \u2013 gde jesti najbolje i \u0161ta probati\">Continue Reading<span><\/span><\/a>\n\t\t\t    <\/div>\n\t\t\t    <br class=\"clear\"\/>\n\t\t\t<\/div>\n\t    <\/div>\n\t    \n\t<\/div>\n\n<\/div>\n<!-- End each blog post --><!-- Begin each blog post -->\n<div class=\"blog-posts-grid post-4627 post type-post status-publish format-standard has-post-thumbnail hentry category-uncategorized\">\n\t\n\t\t<div class=\"post-wrapper smoove disable_tablet\" data-delay=\"300\" data-minwidth=\"769\" data-offset=\"-30%\">\n\t\t\n\t\t\t\t    <div class=\"post-featured-image static\">\n\t\t\t    \t\t\t    <div class=\"post-featured-image-hover\">\n\t\t\t\t    \n\t\t\t\t    \t\t\t\t    \n\t\t\t     \t\t\t\t\t     <img decoding=\"async\"  src=\"https:\/\/gastrobar.rs\/wp-content\/uploads\/2025\/10\/wizard-387-960x500.webp\" class=\"disable_tablet\" alt=\"\"\/>\n\t\t\t\t     \t\t\t     \t\t\t\t     \t<a href=\"https:\/\/gastrobar.rs\/en\/restoran-na-dunavu\/\"><\/a>\n\t\t\t    <\/div>\n\t\t    <\/div>\n\t\t\t    \n\t    <div class=\"post-content-wrapper text-\">\n\t\t    \n\t\t    <div class=\"post-header\">\n\t\t\t    <div class=\"post-header-title\">\n\t\t\t\t    <h5><a href=\"https:\/\/gastrobar.rs\/en\/restoran-na-dunavu\/\" title=\"Restoran na Dunavu \u2013 gde sesti uz pogled u Novim Banovcima\">Restoran na Dunavu \u2013 gde sesti uz pogled u Novim Banovcima<\/a><\/h5>\n\t\t\t\t<\/div>\n\t\t\t    \n\t\t\t    \t\t\t<\/div>\n\t    \n\t\t\t<div class=\"post-header-wrapper\">\n\t\t\t\t<p>Sedenje uz reku ima poseban do\u017eivljaj koji nijedan gradski restoran ne mo\u017ee da zameni Dunav...<\/p>\t\t\t    <div class=\"post-button-wrapper\">\n\t\t\t\t    <a class=\"continue-reading\" href=\"https:\/\/gastrobar.rs\/en\/restoran-na-dunavu\/\" title=\"Restoran na Dunavu \u2013 gde sesti uz pogled u Novim Banovcima\">Continue Reading<span><\/span><\/a>\n\t\t\t    <\/div>\n\t\t\t    <br class=\"clear\"\/>\n\t\t\t<\/div>\n\t    <\/div>\n\t    \n\t<\/div>\n\n<\/div>\n<!-- End each blog post --><\/div>\n<br class=\"clear\"\/>\n<br class=\"clear\"\/>\t\t\t\t<\/div>\n\t\t\t\t<\/div>\n\t\t\t\t\t<\/div>\n\t\t\t\t<\/div>\n\t\t\t\t<\/div>","protected":false},"excerpt":{"rendered":"<p>Na\u0161 gastro svet Najbolji restoran Novi Banovci \u2013 gde jesti i \u0161ta o\u010dekivati Ako tra\u017eite dobar restoran u Novim Banovcima, verovatno \u017eelite mesto gde \u0107ete dobiti kvalitetnu&#8230; Nastavite sa \u010ditanjem Restoran Novi Banovci \u2013 gde jesti najbolje i \u0161ta probati [&hellip;]<\/p>\n","protected":false},"author":1,"featured_media":0,"parent":0,"menu_order":0,"comment_status":"closed","ping_status":"closed","template":"","meta":{"footnotes":""},"class_list":["post-3923","page","type-page","status-publish","hentry"],"yoast_head":"<!-- This site is optimized with the Yoast SEO plugin v27.1.1 - https:\/\/yoast.com\/product\/yoast-seo-wordpress\/ -->\n<title>Blog - Gastro Bar<\/title>\n<meta name=\"robots\" content=\"index, follow, max-snippet:-1, max-image-preview:large, max-video-preview:-1\" \/>\n<link rel=\"canonical\" href=\"https:\/\/gastrobar.rs\/en\/blog\/\" \/>\n<meta property=\"og:locale\" content=\"en_GB\" \/>\n<meta property=\"og:type\" content=\"article\" \/>\n<meta property=\"og:title\" content=\"Blog - Gastro Bar\" \/>\n<meta property=\"og:description\" content=\"Na\u0161 gastro svet Najbolji restoran Novi Banovci \u2013 gde jesti i \u0161ta o\u010dekivati Ako tra\u017eite dobar restoran u Novim Banovcima, verovatno \u017eelite mesto gde \u0107ete dobiti kvalitetnu&#8230; Nastavite sa \u010ditanjem Restoran Novi Banovci \u2013 gde jesti najbolje i \u0161ta probati [&hellip;]\" \/>\n<meta property=\"og:url\" content=\"https:\/\/gastrobar.rs\/en\/blog\/\" \/>\n<meta property=\"og:site_name\" content=\"Gastro Bar\" \/>\n<meta property=\"article:modified_time\" content=\"2026-03-17T17:58:03+00:00\" \/>\n<meta property=\"og:image\" content=\"https:\/\/gastrobar.rs\/wp-content\/uploads\/2025\/10\/wizard-707-960x500.webp\" \/>\n<meta name=\"twitter:card\" content=\"summary_large_image\" \/>\n<meta name=\"twitter:label1\" content=\"Estimated reading time\" \/>\n\t<meta name=\"twitter:data1\" content=\"2 minutes\" \/>\n<script type=\"application\/ld+json\" class=\"yoast-schema-graph\">{\"@context\":\"https:\/\/schema.org\",\"@graph\":[{\"@type\":\"WebPage\",\"@id\":\"https:\/\/gastrobar.rs\/blog\/\",\"url\":\"https:\/\/gastrobar.rs\/blog\/\",\"name\":\"Blog - Gastro Bar\",\"isPartOf\":{\"@id\":\"https:\/\/gastrobar.rs\/#website\"},\"primaryImageOfPage\":{\"@id\":\"https:\/\/gastrobar.rs\/blog\/#primaryimage\"},\"image\":{\"@id\":\"https:\/\/gastrobar.rs\/blog\/#primaryimage\"},\"thumbnailUrl\":\"https:\/\/gastrobar.rs\/wp-content\/uploads\/2025\/10\/wizard-707-960x500.webp\",\"datePublished\":\"2025-10-17T08:19:50+00:00\",\"dateModified\":\"2026-03-17T17:58:03+00:00\",\"breadcrumb\":{\"@id\":\"https:\/\/gastrobar.rs\/blog\/#breadcrumb\"},\"inLanguage\":\"en-GB\",\"potentialAction\":[{\"@type\":\"ReadAction\",\"target\":[\"https:\/\/gastrobar.rs\/blog\/\"]}]},{\"@type\":\"ImageObject\",\"inLanguage\":\"en-GB\",\"@id\":\"https:\/\/gastrobar.rs\/blog\/#primaryimage\",\"url\":\"https:\/\/gastrobar.rs\/wp-content\/uploads\/2025\/10\/wizard-707-960x500.webp\",\"contentUrl\":\"https:\/\/gastrobar.rs\/wp-content\/uploads\/2025\/10\/wizard-707-960x500.webp\"},{\"@type\":\"BreadcrumbList\",\"@id\":\"https:\/\/gastrobar.rs\/blog\/#breadcrumb\",\"itemListElement\":[{\"@type\":\"ListItem\",\"position\":1,\"name\":\"\u041f\u043e\u0447\u0435\u0442\u043d\u0430\",\"item\":\"https:\/\/gastrobar.rs\/\"},{\"@type\":\"ListItem\",\"position\":2,\"name\":\"Blog\"}]},{\"@type\":\"WebSite\",\"@id\":\"https:\/\/gastrobar.rs\/#website\",\"url\":\"https:\/\/gastrobar.rs\/\",\"name\":\"Gastro Bar\",\"description\":\"Na samoj obali Dunava, Gastro Bar spaja moderan pristup kuvanju sa toplinom doma\u0107ih ukusa. Mesto gde svaki zalogaj ima svoju pri\u010du \u2014 uz pogled koji ostavlja bez daha.\",\"publisher\":{\"@id\":\"https:\/\/gastrobar.rs\/#organization\"},\"potentialAction\":[{\"@type\":\"SearchAction\",\"target\":{\"@type\":\"EntryPoint\",\"urlTemplate\":\"https:\/\/gastrobar.rs\/?s={search_term_string}\"},\"query-input\":{\"@type\":\"PropertyValueSpecification\",\"valueRequired\":true,\"valueName\":\"search_term_string\"}}],\"inLanguage\":\"en-GB\"},{\"@type\":\"Organization\",\"@id\":\"https:\/\/gastrobar.rs\/#organization\",\"name\":\"Gastro Bar\",\"url\":\"https:\/\/gastrobar.rs\/\",\"logo\":{\"@type\":\"ImageObject\",\"inLanguage\":\"en-GB\",\"@id\":\"https:\/\/gastrobar.rs\/#\/schema\/logo\/image\/\",\"url\":\"https:\/\/gastrobar.rs\/wp-content\/uploads\/2025\/10\/cropped-Gastro-Bar-fav-.png\",\"contentUrl\":\"https:\/\/gastrobar.rs\/wp-content\/uploads\/2025\/10\/cropped-Gastro-Bar-fav-.png\",\"width\":512,\"height\":512,\"caption\":\"Gastro Bar\"},\"image\":{\"@id\":\"https:\/\/gastrobar.rs\/#\/schema\/logo\/image\/\"}}]}<\/script>\n<!-- \/ Yoast SEO plugin. -->","yoast_head_json":{"title":"Blog - Gastro Bar","robots":{"index":"index","follow":"follow","max-snippet":"max-snippet:-1","max-image-preview":"max-image-preview:large","max-video-preview":"max-video-preview:-1"},"canonical":"https:\/\/gastrobar.rs\/en\/blog\/","og_locale":"en_GB","og_type":"article","og_title":"Blog - Gastro Bar","og_description":"Na\u0161 gastro svet Najbolji restoran Novi Banovci \u2013 gde jesti i \u0161ta o\u010dekivati Ako tra\u017eite dobar restoran u Novim Banovcima, verovatno \u017eelite mesto gde \u0107ete dobiti kvalitetnu&#8230; Nastavite sa \u010ditanjem Restoran Novi Banovci \u2013 gde jesti najbolje i \u0161ta probati [&hellip;]","og_url":"https:\/\/gastrobar.rs\/en\/blog\/","og_site_name":"Gastro Bar","article_modified_time":"2026-03-17T17:58:03+00:00","og_image":[{"url":"https:\/\/gastrobar.rs\/wp-content\/uploads\/2025\/10\/wizard-707-960x500.webp","type":"","width":"","height":""}],"twitter_card":"summary_large_image","twitter_misc":{"Estimated reading time":"2 minutes"},"schema":{"@context":"https:\/\/schema.org","@graph":[{"@type":"WebPage","@id":"https:\/\/gastrobar.rs\/blog\/","url":"https:\/\/gastrobar.rs\/blog\/","name":"Blog - Gastro Bar","isPartOf":{"@id":"https:\/\/gastrobar.rs\/#website"},"primaryImageOfPage":{"@id":"https:\/\/gastrobar.rs\/blog\/#primaryimage"},"image":{"@id":"https:\/\/gastrobar.rs\/blog\/#primaryimage"},"thumbnailUrl":"https:\/\/gastrobar.rs\/wp-content\/uploads\/2025\/10\/wizard-707-960x500.webp","datePublished":"2025-10-17T08:19:50+00:00","dateModified":"2026-03-17T17:58:03+00:00","breadcrumb":{"@id":"https:\/\/gastrobar.rs\/blog\/#breadcrumb"},"inLanguage":"en-GB","potentialAction":[{"@type":"ReadAction","target":["https:\/\/gastrobar.rs\/blog\/"]}]},{"@type":"ImageObject","inLanguage":"en-GB","@id":"https:\/\/gastrobar.rs\/blog\/#primaryimage","url":"https:\/\/gastrobar.rs\/wp-content\/uploads\/2025\/10\/wizard-707-960x500.webp","contentUrl":"https:\/\/gastrobar.rs\/wp-content\/uploads\/2025\/10\/wizard-707-960x500.webp"},{"@type":"BreadcrumbList","@id":"https:\/\/gastrobar.rs\/blog\/#breadcrumb","itemListElement":[{"@type":"ListItem","position":1,"name":"\u041f\u043e\u0447\u0435\u0442\u043d\u0430","item":"https:\/\/gastrobar.rs\/"},{"@type":"ListItem","position":2,"name":"Blog"}]},{"@type":"WebSite","@id":"https:\/\/gastrobar.rs\/#website","url":"https:\/\/gastrobar.rs\/","name":"Gastro Bar","description":"Na samoj obali Dunava, Gastro Bar spaja moderan pristup kuvanju sa toplinom doma\u0107ih ukusa. Mesto gde svaki zalogaj ima svoju pri\u010du \u2014 uz pogled koji ostavlja bez daha.","publisher":{"@id":"https:\/\/gastrobar.rs\/#organization"},"potentialAction":[{"@type":"SearchAction","target":{"@type":"EntryPoint","urlTemplate":"https:\/\/gastrobar.rs\/?s={search_term_string}"},"query-input":{"@type":"PropertyValueSpecification","valueRequired":true,"valueName":"search_term_string"}}],"inLanguage":"en-GB"},{"@type":"Organization","@id":"https:\/\/gastrobar.rs\/#organization","name":"Gastro Bar","url":"https:\/\/gastrobar.rs\/","logo":{"@type":"ImageObject","inLanguage":"en-GB","@id":"https:\/\/gastrobar.rs\/#\/schema\/logo\/image\/","url":"https:\/\/gastrobar.rs\/wp-content\/uploads\/2025\/10\/cropped-Gastro-Bar-fav-.png","contentUrl":"https:\/\/gastrobar.rs\/wp-content\/uploads\/2025\/10\/cropped-Gastro-Bar-fav-.png","width":512,"height":512,"caption":"Gastro Bar"},"image":{"@id":"https:\/\/gastrobar.rs\/#\/schema\/logo\/image\/"}}]}},"_links":{"self":[{"href":"https:\/\/gastrobar.rs\/en\/wp-json\/wp\/v2\/pages\/3923","targetHints":{"allow":["GET"]}}],"collection":[{"href":"https:\/\/gastrobar.rs\/en\/wp-json\/wp\/v2\/pages"}],"about":[{"href":"https:\/\/gastrobar.rs\/en\/wp-json\/wp\/v2\/types\/page"}],"author":[{"embeddable":true,"href":"https:\/\/gastrobar.rs\/en\/wp-json\/wp\/v2\/users\/1"}],"replies":[{"embeddable":true,"href":"https:\/\/gastrobar.rs\/en\/wp-json\/wp\/v2\/comments?post=3923"}],"version-history":[{"count":34,"href":"https:\/\/gastrobar.rs\/en\/wp-json\/wp\/v2\/pages\/3923\/revisions"}],"predecessor-version":[{"id":4671,"href":"https:\/\/gastrobar.rs\/en\/wp-json\/wp\/v2\/pages\/3923\/revisions\/4671"}],"wp:attachment":[{"href":"https:\/\/gastrobar.rs\/en\/wp-json\/wp\/v2\/media?parent=3923"}],"curies":[{"name":"wp","href":"https:\/\/api.w.org\/{rel}","templated":true}]}}